{"id":433,"date":"2025-05-29T07:43:46","date_gmt":"2025-05-29T07:43:46","guid":{"rendered":"https:\/\/www.jpv.td-coop.eu\/?page_id=433"},"modified":"2025-07-24T09:13:35","modified_gmt":"2025-07-24T09:13:35","slug":"433-2","status":"publish","type":"page","link":"https:\/\/www.jpv.td-coop.eu\/cs\/","title":{"rendered":"\u00davod -CZ"},"content":{"rendered":"","protected":false},"excerpt":{"rendered":"","protected":false},"author":2,"featured_media":387,"parent":0,"menu_order":0,"comment_status":"closed","ping_status":"closed","template":"","meta":{"_acf_changed":false},"class_list":["post-433","page","type-page","status-publish","has-post-thumbnail","hentry"],"acf":[],"yoast_head":"<!-- This site is optimized with the Yoast SEO plugin v25.2 - https:\/\/yoast.com\/wordpress\/plugins\/seo\/ -->\n<title>\u00davod -CZ - Tradi\u010dn\u00e9 dru\u017estvo<\/title>\n<meta name=\"robots\" content=\"index, follow, max-snippet:-1, max-image-preview:large, max-video-preview:-1\" \/>\n<link rel=\"canonical\" href=\"https:\/\/www.jpv.td-coop.eu\/cs\/\" \/>\n<meta property=\"og:locale\" content=\"cs_CZ\" \/>\n<meta property=\"og:type\" content=\"article\" \/>\n<meta property=\"og:title\" content=\"\u00davod -CZ - Tradi\u010dn\u00e9 dru\u017estvo\" \/>\n<meta property=\"og:url\" content=\"https:\/\/www.jpv.td-coop.eu\/cs\/\" \/>\n<meta property=\"og:site_name\" content=\"Tradi\u010dn\u00e9 dru\u017estvo\" \/>\n<meta property=\"article:modified_time\" content=\"2025-07-24T09:13:35+00:00\" \/>\n<meta property=\"og:image\" content=\"https:\/\/www.jpv.td-coop.eu\/wp-content\/uploads\/2025\/05\/Black-and-Beige-Minimal-Aesthetic-Vacation-Instagram-Story-9.png\" \/>\n\t<meta property=\"og:image:width\" content=\"400\" \/>\n\t<meta property=\"og:image:height\" content=\"400\" \/>\n\t<meta property=\"og:image:type\" content=\"image\/png\" \/>\n<meta name=\"twitter:card\" content=\"summary_large_image\" \/>\n<meta name=\"twitter:label1\" content=\"Odhadovan\u00e1 doba \u010dten\u00ed\" \/>\n\t<meta name=\"twitter:data1\" content=\"1 minuta\" \/>\n<script type=\"application\/ld+json\" class=\"yoast-schema-graph\">{\"@context\":\"https:\/\/schema.org\",\"@graph\":[{\"@type\":\"WebPage\",\"@id\":\"https:\/\/www.jpv.td-coop.eu\/cs\/\",\"url\":\"https:\/\/www.jpv.td-coop.eu\/cs\/\",\"name\":\"\u00davod -CZ - Tradi\u010dn\u00e9 dru\u017estvo\",\"isPartOf\":{\"@id\":\"https:\/\/www.jpv.td-coop.eu\/cs\/#website\"},\"primaryImageOfPage\":{\"@id\":\"https:\/\/www.jpv.td-coop.eu\/cs\/#primaryimage\"},\"image\":{\"@id\":\"https:\/\/www.jpv.td-coop.eu\/cs\/#primaryimage\"},\"thumbnailUrl\":\"https:\/\/www.jpv.td-coop.eu\/wp-content\/uploads\/2025\/05\/Black-and-Beige-Minimal-Aesthetic-Vacation-Instagram-Story-9.png\",\"datePublished\":\"2025-05-29T07:43:46+00:00\",\"dateModified\":\"2025-07-24T09:13:35+00:00\",\"breadcrumb\":{\"@id\":\"https:\/\/www.jpv.td-coop.eu\/cs\/#breadcrumb\"},\"inLanguage\":\"cs\",\"potentialAction\":[{\"@type\":\"ReadAction\",\"target\":[\"https:\/\/www.jpv.td-coop.eu\/cs\/\"]}]},{\"@type\":\"ImageObject\",\"inLanguage\":\"cs\",\"@id\":\"https:\/\/www.jpv.td-coop.eu\/cs\/#primaryimage\",\"url\":\"https:\/\/www.jpv.td-coop.eu\/wp-content\/uploads\/2025\/05\/Black-and-Beige-Minimal-Aesthetic-Vacation-Instagram-Story-9.png\",\"contentUrl\":\"https:\/\/www.jpv.td-coop.eu\/wp-content\/uploads\/2025\/05\/Black-and-Beige-Minimal-Aesthetic-Vacation-Instagram-Story-9.png\",\"width\":400,\"height\":400},{\"@type\":\"BreadcrumbList\",\"@id\":\"https:\/\/www.jpv.td-coop.eu\/cs\/#breadcrumb\",\"itemListElement\":[{\"@type\":\"ListItem\",\"position\":1,\"name\":\"Domovsk\u00e1 str\u00e1nka\",\"item\":\"https:\/\/www.jpv.td-coop.eu\/cs\/\"},{\"@type\":\"ListItem\",\"position\":2,\"name\":\"\u00davod -CZ\"}]},{\"@type\":\"WebSite\",\"@id\":\"https:\/\/www.jpv.td-coop.eu\/cs\/#website\",\"url\":\"https:\/\/www.jpv.td-coop.eu\/cs\/\",\"name\":\"Tradi\u010dn\u00e9 dru\u017estvo\",\"description\":\"Dovolenka na cel\u00fd \u017eivot\",\"potentialAction\":[{\"@type\":\"SearchAction\",\"target\":{\"@type\":\"EntryPoint\",\"urlTemplate\":\"https:\/\/www.jpv.td-coop.eu\/cs\/?s={search_term_string}\"},\"query-input\":{\"@type\":\"PropertyValueSpecification\",\"valueRequired\":true,\"valueName\":\"search_term_string\"}}],\"inLanguage\":\"cs\"}]}<\/script>\n<!-- \/ Yoast SEO plugin. -->","yoast_head_json":{"title":"\u00davod -CZ - Tradi\u010dn\u00e9 dru\u017estvo","robots":{"index":"index","follow":"follow","max-snippet":"max-snippet:-1","max-image-preview":"max-image-preview:large","max-video-preview":"max-video-preview:-1"},"canonical":"https:\/\/www.jpv.td-coop.eu\/cs\/","og_locale":"cs_CZ","og_type":"article","og_title":"\u00davod -CZ - Tradi\u010dn\u00e9 dru\u017estvo","og_url":"https:\/\/www.jpv.td-coop.eu\/cs\/","og_site_name":"Tradi\u010dn\u00e9 dru\u017estvo","article_modified_time":"2025-07-24T09:13:35+00:00","og_image":[{"width":400,"height":400,"url":"https:\/\/www.jpv.td-coop.eu\/wp-content\/uploads\/2025\/05\/Black-and-Beige-Minimal-Aesthetic-Vacation-Instagram-Story-9.png","type":"image\/png"}],"twitter_card":"summary_large_image","twitter_misc":{"Odhadovan\u00e1 doba \u010dten\u00ed":"1 minuta"},"schema":{"@context":"https:\/\/schema.org","@graph":[{"@type":"WebPage","@id":"https:\/\/www.jpv.td-coop.eu\/cs\/","url":"https:\/\/www.jpv.td-coop.eu\/cs\/","name":"\u00davod -CZ - Tradi\u010dn\u00e9 dru\u017estvo","isPartOf":{"@id":"https:\/\/www.jpv.td-coop.eu\/cs\/#website"},"primaryImageOfPage":{"@id":"https:\/\/www.jpv.td-coop.eu\/cs\/#primaryimage"},"image":{"@id":"https:\/\/www.jpv.td-coop.eu\/cs\/#primaryimage"},"thumbnailUrl":"https:\/\/www.jpv.td-coop.eu\/wp-content\/uploads\/2025\/05\/Black-and-Beige-Minimal-Aesthetic-Vacation-Instagram-Story-9.png","datePublished":"2025-05-29T07:43:46+00:00","dateModified":"2025-07-24T09:13:35+00:00","breadcrumb":{"@id":"https:\/\/www.jpv.td-coop.eu\/cs\/#breadcrumb"},"inLanguage":"cs","potentialAction":[{"@type":"ReadAction","target":["https:\/\/www.jpv.td-coop.eu\/cs\/"]}]},{"@type":"ImageObject","inLanguage":"cs","@id":"https:\/\/www.jpv.td-coop.eu\/cs\/#primaryimage","url":"https:\/\/www.jpv.td-coop.eu\/wp-content\/uploads\/2025\/05\/Black-and-Beige-Minimal-Aesthetic-Vacation-Instagram-Story-9.png","contentUrl":"https:\/\/www.jpv.td-coop.eu\/wp-content\/uploads\/2025\/05\/Black-and-Beige-Minimal-Aesthetic-Vacation-Instagram-Story-9.png","width":400,"height":400},{"@type":"BreadcrumbList","@id":"https:\/\/www.jpv.td-coop.eu\/cs\/#breadcrumb","itemListElement":[{"@type":"ListItem","position":1,"name":"Domovsk\u00e1 str\u00e1nka","item":"https:\/\/www.jpv.td-coop.eu\/cs\/"},{"@type":"ListItem","position":2,"name":"\u00davod -CZ"}]},{"@type":"WebSite","@id":"https:\/\/www.jpv.td-coop.eu\/cs\/#website","url":"https:\/\/www.jpv.td-coop.eu\/cs\/","name":"Tradi\u010dn\u00e9 dru\u017estvo","description":"Dovolenka na cel\u00fd \u017eivot","potentialAction":[{"@type":"SearchAction","target":{"@type":"EntryPoint","urlTemplate":"https:\/\/www.jpv.td-coop.eu\/cs\/?s={search_term_string}"},"query-input":{"@type":"PropertyValueSpecification","valueRequired":true,"valueName":"search_term_string"}}],"inLanguage":"cs"}]}},"_links":{"self":[{"href":"https:\/\/www.jpv.td-coop.eu\/cs\/wp-json\/wp\/v2\/pages\/433","targetHints":{"allow":["GET"]}}],"collection":[{"href":"https:\/\/www.jpv.td-coop.eu\/cs\/wp-json\/wp\/v2\/pages"}],"about":[{"href":"https:\/\/www.jpv.td-coop.eu\/cs\/wp-json\/wp\/v2\/types\/page"}],"author":[{"embeddable":true,"href":"https:\/\/www.jpv.td-coop.eu\/cs\/wp-json\/wp\/v2\/users\/2"}],"replies":[{"embeddable":true,"href":"https:\/\/www.jpv.td-coop.eu\/cs\/wp-json\/wp\/v2\/comments?post=433"}],"version-history":[{"count":7,"href":"https:\/\/www.jpv.td-coop.eu\/cs\/wp-json\/wp\/v2\/pages\/433\/revisions"}],"predecessor-version":[{"id":487,"href":"https:\/\/www.jpv.td-coop.eu\/cs\/wp-json\/wp\/v2\/pages\/433\/revisions\/487"}],"wp:featuredmedia":[{"embeddable":true,"href":"https:\/\/www.jpv.td-coop.eu\/cs\/wp-json\/wp\/v2\/media\/387"}],"wp:attachment":[{"href":"https:\/\/www.jpv.td-coop.eu\/cs\/wp-json\/wp\/v2\/media?parent=433"}],"curies":[{"name":"wp","href":"https:\/\/api.w.org\/{rel}","templated":true}]}}